{"id":127,"date":"2024-11-01T15:25:55","date_gmt":"2024-11-01T12:25:55","guid":{"rendered":"https:\/\/ebsboya.com\/v5\/?page_id=127"},"modified":"2024-11-02T20:49:17","modified_gmt":"2024-11-02T17:49:17","slug":"hizmetlerimiz","status":"publish","type":"page","link":"https:\/\/ebsboya.com\/v5\/hizmetlerimiz\/","title":{"rendered":"Hizmetlerimiz"},"content":{"rendered":"<p>1 Kas\u0131m 2024<\/p>\n<h2><a href=\"https:\/\/ebsboya.com\/v5\/onarim-ve-yenileme\/\">Onar\u0131m ve Yenileme<\/a><\/h2>\n<p>Onar\u0131m ve Yenileme: Eski Y\u00fczeylerin Yenilenmesi: Kullan\u0131m \u00f6mr\u00fc dolmu\u015f veya a\u015f\u0131nm\u0131\u015f y\u00fczeylerin yeniden boyanarak ilk g\u00fcnk\u00fc haline getirilmesi. Hasar Giderme: \u00c7izik, leke veya di\u011fer fiziksel hasarlar\u0131n onar\u0131m\u0131.Do you like it? <a href=\"https:\/\/ebsboya.com\/v5\/onarim-ve-yenileme\/\">Devam\u0131&#8230;<\/a>1 Kas\u0131m 2024<\/p>\n<h2><a href=\"https:\/\/ebsboya.com\/v5\/koruyucu-kaplamalar\/\">Koruyucu Kaplamalar<\/a><\/h2>\n<p>Koruyucu Kaplamalar: A\u015f\u0131nma ve Y\u0131pranmaya Kar\u015f\u0131 Koruma: End\u00fcstriyel kullan\u0131m i\u00e7in tasarlanm\u0131\u015f dayan\u0131kl\u0131 kaplamalar. Kimyasal Dayan\u0131kl\u0131l\u0131k: Kimyasal etkilere kar\u015f\u0131 dayan\u0131kl\u0131 y\u00fczey kaplamalar\u0131.Do you like it? <a href=\"https:\/\/ebsboya.com\/v5\/koruyucu-kaplamalar\/\">Devam\u0131&#8230;<\/a>1 Kas\u0131m 2024<\/p>\n<h2><a href=\"https:\/\/ebsboya.com\/v5\/ozellestirilmis-renk-secenekleri\/\">\u00d6zelle\u015ftirilmi\u015f Renk Se\u00e7enekleri<\/a><\/h2>\n<p>\u00d6zelle\u015ftirilmi\u015f Renk Se\u00e7enekleri: Renk Kartelas\u0131 Se\u00e7enekleri: M\u00fc\u015fterilere \u00e7e\u015fitli renk ve doku se\u00e7enekleri sunarak, estetik beklentilerini kar\u015f\u0131lamak. Renk Uyumu: M\u00fc\u015fterilerin marka veya ki\u015fisel tercihlerine g\u00f6re \u00f6zel renk uyumlar\u0131 sa\u011flamak.Do you like it? <a href=\"https:\/\/ebsboya.com\/v5\/ozellestirilmis-renk-secenekleri\/\">Devam\u0131&#8230;<\/a>1 Kas\u0131m 2024<\/p>\n<h2><a href=\"https:\/\/ebsboya.com\/v5\/dis-mekan-uygulamalari\/\">D\u0131\u015f Mekan Uygulamalar\u0131<\/a><\/h2>\n<p>D\u0131\u015f Mekan Uygulamalar\u0131: Hava Ko\u015fullar\u0131na Dayan\u0131kl\u0131 Boyama: Bah\u00e7e mobilyalar\u0131, d\u0131\u015f mekan yap\u0131lar\u0131 gibi \u00fcr\u00fcnlerin su ve UV dayan\u0131kl\u0131l\u0131\u011f\u0131n\u0131 art\u0131ran toz boyama i\u015flemleri. Korozyon \u00d6nleyici Kaplamalar: Metal y\u00fczeylerin paslanmas\u0131n\u0131 \u00f6nleyen \u00f6zel kaplamalar.Do you like it? <a href=\"https:\/\/ebsboya.com\/v5\/dis-mekan-uygulamalari\/\">Devam\u0131&#8230;<\/a>1 Kas\u0131m 2024<\/p>\n<h2><a href=\"https:\/\/ebsboya.com\/v5\/ic-mekan-uygulamalari\/\">\u0130\u00e7 Mekan Uygulamalar\u0131<\/a><\/h2>\n<p>\u0130\u00e7 Mekan Uygulamalar\u0131: Dekoratif Uygulamalar: Ofis ve ev i\u00e7indeki \u00e7e\u015fitli metal par\u00e7alar\u0131n renkli ve \u015f\u0131k bir g\u00f6r\u00fcn\u00fcm kazanmas\u0131. \u00d6zel Tasar\u0131mlar: M\u00fc\u015fteri taleplerine g\u00f6re \u00f6zelle\u015ftirilmi\u015f i\u00e7 mekan tasar\u0131m uygulamalar\u0131.Do you like it? <a href=\"https:\/\/ebsboya.com\/v5\/ic-mekan-uygulamalari\/\">Devam\u0131&#8230;<\/a>1 Kas\u0131m 2024<\/p>\n<h2><a href=\"https:\/\/ebsboya.com\/v5\/aluminyum-ve-metal-isleme\/\">Al\u00fcminyum ve Metal \u0130\u015fleme<\/a><\/h2>\n<p>Al\u00fcminyum ve Metal \u0130\u015fleme: Kap\u0131 ve Pencere \u00c7er\u00e7eveleri: Al\u00fcminyum \u00e7er\u00e7eveler ve metal d\u0131\u015f kaplamalar\u0131n dayan\u0131kl\u0131 ve estetik boyanmas\u0131. Metal Yap\u0131lar: \u00c7e\u015fitli metal yap\u0131lar\u0131n, r\u00fczgar ve hava ko\u015fullar\u0131na dayan\u0131kl\u0131 \u015fekilde boyanmas\u0131.Do you like it? <a href=\"https:\/\/ebsboya.com\/v5\/aluminyum-ve-metal-isleme\/\">Devam\u0131&#8230;<\/a>1 Kas\u0131m 2024<\/p>\n<h2><a href=\"https:\/\/ebsboya.com\/v5\/otomotiv-parcalari\/\">Otomotiv Par\u00e7alar\u0131<\/a><\/h2>\n<p>Otomotiv Par\u00e7alar\u0131: Ara\u00e7 G\u00f6vde Par\u00e7alar\u0131: Kaportalar, tamponlar ve di\u011fer d\u0131\u015f par\u00e7alar\u0131n boyanmas\u0131. Aksesuarlar: Jantlar, aynalar ve i\u00e7 mekan par\u00e7alar\u0131 i\u00e7in toz boyama hizmetleri.Do you like it? <a href=\"https:\/\/ebsboya.com\/v5\/otomotiv-parcalari\/\">Devam\u0131&#8230;<\/a>1 Kas\u0131m 2024<\/p>\n<h2><a href=\"https:\/\/ebsboya.com\/v5\/mobilya-boyama\/\">Mobilya Boyama<\/a><\/h2>\n<p>Mobilya Boyama: Metal Mobilyalar: Sandalyeler, masalar ve raf sistemleri gibi metal mobilyalar\u0131n estetik ve koruyucu boyama i\u015flemleri. Ah\u015fap Mobilyalar: Ah\u015fap y\u00fczeyler i\u00e7in \u00f6zel uygulamalar; genellikle metal ile kombinlenerek modern tasar\u0131mlar olu\u015fturulur.Do you like it? <a href=\"https:\/\/ebsboya.com\/v5\/mobilya-boyama\/\">Devam\u0131&#8230;<\/a>1 Kas\u0131m 2024<\/p>\n<h2><a href=\"https:\/\/ebsboya.com\/v5\/sanayi-urunleri-boyama\/\">Sanayi \u00dcr\u00fcnleri Boyama<\/a><\/h2>\n<p>Sanayi \u00dcr\u00fcnleri Boyama: Makine Par\u00e7alar\u0131: End\u00fcstriyel makinelerin par\u00e7alar\u0131n\u0131n koruyucu ve estetik boyama i\u015flemleri. Genellikle dayan\u0131kl\u0131l\u0131k ve uzun \u00f6m\u00fcr sa\u011flamak i\u00e7in yap\u0131l\u0131r. Aksamlar: Motor par\u00e7alar\u0131, \u015fasiler ve di\u011fer sanayi \u00fcr\u00fcnleri i\u00e7in \u00f6zel toz boyama hizmetleri.Do you like it? <a href=\"https:\/\/ebsboya.com\/v5\/sanayi-urunleri-boyama\/\">Devam\u0131&#8230;<\/a><\/p>\n","protected":false},"excerpt":{"rendered":"<p>1 Kas\u0131m 2024 Onar\u0131m ve Yenileme Onar\u0131m ve Yenileme: Eski Y\u00fczeylerin Yenilenmesi: Kullan\u0131m \u00f6mr\u00fc dolmu\u015f veya a\u015f\u0131nm\u0131\u015f y\u00fczeylerin yeniden boyanarak ilk g\u00fcnk\u00fc haline getirilmesi. Hasar Giderme:<span class=\"excerpt-hellip\"> [\u2026]<\/span><\/p>\n","protected":false},"author":2,"featured_media":0,"parent":0,"menu_order":0,"comment_status":"closed","ping_status":"closed","template":"","meta":{"footnotes":""},"class_list":["post-127","page","type-page","status-publish","hentry"],"_links":{"self":[{"href":"https:\/\/ebsboya.com\/v5\/wp-json\/wp\/v2\/pages\/127","targetHints":{"allow":["GET"]}}],"collection":[{"href":"https:\/\/ebsboya.com\/v5\/wp-json\/wp\/v2\/pages"}],"about":[{"href":"https:\/\/ebsboya.com\/v5\/wp-json\/wp\/v2\/types\/page"}],"author":[{"embeddable":true,"href":"https:\/\/ebsboya.com\/v5\/wp-json\/wp\/v2\/users\/2"}],"replies":[{"embeddable":true,"href":"https:\/\/ebsboya.com\/v5\/wp-json\/wp\/v2\/comments?post=127"}],"version-history":[{"count":3,"href":"https:\/\/ebsboya.com\/v5\/wp-json\/wp\/v2\/pages\/127\/revisions"}],"predecessor-version":[{"id":179,"href":"https:\/\/ebsboya.com\/v5\/wp-json\/wp\/v2\/pages\/127\/revisions\/179"}],"wp:attachment":[{"href":"https:\/\/ebsboya.com\/v5\/wp-json\/wp\/v2\/media?parent=127"}],"curies":[{"name":"wp","href":"https:\/\/api.w.org\/{rel}","templated":true}]}}